{"id":44,"date":"2025-02-05T04:10:13","date_gmt":"2025-02-05T04:10:13","guid":{"rendered":"https:\/\/stamp.hdonline.pt\/?page_id=44"},"modified":"2025-03-27T12:55:24","modified_gmt":"2025-03-27T12:55:24","slug":"sobre-nos","status":"publish","type":"page","link":"https:\/\/stamp.pt\/en\/sobre-nos\/","title":{"rendered":"About Us"},"content":{"rendered":"<div data-elementor-type=\"wp-page\" data-elementor-id=\"44\" class=\"elementor elementor-44\" data-elementor-post-type=\"page\">\n\t\t\t\t<div class=\"elementor-element elementor-element-0e51b24 e-grid e-con-boxed e-con e-parent\" data-id=\"0e51b24\" data-element_type=\"container\" data-settings=\"{&quot;background_background&quot;:&quot;classic&quot;}\">\n\t\t\t\t\t<div class=\"e-con-inner\">\n\t\t\t\t<div class=\"elementor-element elementor-element-6f20895 elementor-hidden-desktop elementor-hidden-tablet elementor-widget elementor-widget-heading\" data-id=\"6f20895\" data-element_type=\"widget\" data-widget_type=\"heading.default\">\n\t\t\t\t<div class=\"elementor-widget-container\">\n\t\t\t\t\t<h1 class=\"elementor-heading-title elementor-size-default\">ABOUT US<\/h1>\t\t\t\t<\/div>\n\t\t\t\t<\/div>\n\t\t\t\t<div class=\"elementor-element elementor-element-76ec10a elementor-widget elementor-widget-image\" data-id=\"76ec10a\" data-element_type=\"widget\" data-settings=\"{&quot;motion_fx_motion_fx_scrolling&quot;:&quot;yes&quot;,&quot;motion_fx_translateY_effect&quot;:&quot;yes&quot;,&quot;motion_fx_translateY_speed&quot;:{&quot;unit&quot;:&quot;px&quot;,&quot;size&quot;:2,&quot;sizes&quot;:[]},&quot;motion_fx_translateY_affectedRange&quot;:{&quot;unit&quot;:&quot;%&quot;,&quot;size&quot;:&quot;&quot;,&quot;sizes&quot;:{&quot;start&quot;:0,&quot;end&quot;:100}},&quot;motion_fx_devices&quot;:[&quot;desktop&quot;,&quot;tablet&quot;,&quot;mobile&quot;]}\" data-widget_type=\"image.default\">\n\t\t\t\t<div class=\"elementor-widget-container\">\n\t\t\t\t\t\t\t\t\t\t\t\t\t\t\t<img fetchpriority=\"high\" decoding=\"async\" width=\"1920\" height=\"1280\" src=\"https:\/\/stamp.pt\/wp-content\/uploads\/2025\/03\/stamp-foto_11zon.webp\" class=\"attachment-full size-full wp-image-693\" alt=\"\" srcset=\"https:\/\/stamp.pt\/wp-content\/uploads\/2025\/03\/stamp-foto_11zon.webp 1920w, https:\/\/stamp.pt\/wp-content\/uploads\/2025\/03\/stamp-foto_11zon-300x200.webp 300w, https:\/\/stamp.pt\/wp-content\/uploads\/2025\/03\/stamp-foto_11zon-1024x683.webp 1024w, https:\/\/stamp.pt\/wp-content\/uploads\/2025\/03\/stamp-foto_11zon-768x512.webp 768w, https:\/\/stamp.pt\/wp-content\/uploads\/2025\/03\/stamp-foto_11zon-1536x1024.webp 1536w, https:\/\/stamp.pt\/wp-content\/uploads\/2025\/03\/stamp-foto_11zon-18x12.webp 18w\" sizes=\"(max-width: 1920px) 100vw, 1920px\" \/>\t\t\t\t\t\t\t\t\t\t\t\t\t\t\t<\/div>\n\t\t\t\t<\/div>\n\t\t<div class=\"elementor-element elementor-element-6424663 e-con-full e-flex e-con e-child\" data-id=\"6424663\" data-element_type=\"container\">\n\t\t\t\t<div class=\"elementor-element elementor-element-8c6a61d elementor-hidden-mobile elementor-widget elementor-widget-heading\" data-id=\"8c6a61d\" data-element_type=\"widget\" data-widget_type=\"heading.default\">\n\t\t\t\t<div class=\"elementor-widget-container\">\n\t\t\t\t\t<h1 class=\"elementor-heading-title elementor-size-default\">ABOUT US<\/h1>\t\t\t\t<\/div>\n\t\t\t\t<\/div>\n\t\t\t\t<div class=\"elementor-element elementor-element-5284a8a elementor-widget elementor-widget-heading\" data-id=\"5284a8a\" data-element_type=\"widget\" data-widget_type=\"heading.default\">\n\t\t\t\t<div class=\"elementor-widget-container\">\n\t\t\t\t\t<h1 class=\"elementor-heading-title elementor-size-default\">We do Communication<\/h1>\t\t\t\t<\/div>\n\t\t\t\t<\/div>\n\t\t\t\t<div class=\"elementor-element elementor-element-b353350 elementor-widget elementor-widget-text-editor\" data-id=\"b353350\" data-element_type=\"widget\" data-widget_type=\"text-editor.default\">\n\t\t\t\t<div class=\"elementor-widget-container\">\n\t\t\t\t\t\t\t\t\t<p>We are an advertising agency passionate about creativity, innovation and results.<br \/>We transform ideas into impactful visual experiences, helping brands stand out and connect with their audience.<br \/>We are specialized in <b><strong>graphic design, vehicle decoration, printing, large format advertising, and much more<\/strong><\/b>. We transform the impossible into results.<br \/>We combine strategy and design to take communication to the next level.<br \/>We guarantee <b><strong>quality, impact and visibility.<\/strong><\/b>.<\/p>\t\t\t\t\t\t\t\t<\/div>\n\t\t\t\t<\/div>\n\t\t\t\t<\/div>\n\t\t\t\t\t<\/div>\n\t\t\t\t<\/div>\n\t\t<div class=\"elementor-element elementor-element-9268b05 e-grid e-con-full e-con e-parent\" data-id=\"9268b05\" data-element_type=\"container\" data-settings=\"{&quot;background_background&quot;:&quot;classic&quot;}\">\n\t\t<div class=\"elementor-element elementor-element-98ac177 e-flex e-con-boxed e-con e-child\" data-id=\"98ac177\" data-element_type=\"container\">\n\t\t\t\t\t<div class=\"e-con-inner\">\n\t\t\t\t<div class=\"elementor-element elementor-element-e31dae1 elementor-widget elementor-widget-image\" data-id=\"e31dae1\" data-element_type=\"widget\" data-widget_type=\"image.default\">\n\t\t\t\t<div class=\"elementor-widget-container\">\n\t\t\t\t\t\t\t\t\t\t\t\t\t\t\t<img decoding=\"async\" width=\"800\" height=\"534\" src=\"https:\/\/stamp.pt\/wp-content\/uploads\/2025\/03\/equipa-1920_11zon-1024x683.webp\" class=\"attachment-large size-large wp-image-741\" alt=\"\" srcset=\"https:\/\/stamp.pt\/wp-content\/uploads\/2025\/03\/equipa-1920_11zon-1024x683.webp 1024w, https:\/\/stamp.pt\/wp-content\/uploads\/2025\/03\/equipa-1920_11zon-300x200.webp 300w, https:\/\/stamp.pt\/wp-content\/uploads\/2025\/03\/equipa-1920_11zon-768x512.webp 768w, https:\/\/stamp.pt\/wp-content\/uploads\/2025\/03\/equipa-1920_11zon-1536x1024.webp 1536w, https:\/\/stamp.pt\/wp-content\/uploads\/2025\/03\/equipa-1920_11zon-18x12.webp 18w, https:\/\/stamp.pt\/wp-content\/uploads\/2025\/03\/equipa-1920_11zon.webp 1920w\" sizes=\"(max-width: 800px) 100vw, 800px\" \/>\t\t\t\t\t\t\t\t\t\t\t\t\t\t\t<\/div>\n\t\t\t\t<\/div>\n\t\t\t\t<div class=\"elementor-element elementor-element-340a838 elementor-widget elementor-widget-text-editor\" data-id=\"340a838\" data-element_type=\"widget\" data-widget_type=\"text-editor.default\">\n\t\t\t\t<div class=\"elementor-widget-container\">\n\t\t\t\t\t\t\t\t\t<p>Together, we transform ideas into reality.<\/p><p>Each member of our team brings a unique perspective, but our goal is always the same:<\/p><p><strong>Creating solutions that make a difference!<\/strong><\/p>\t\t\t\t\t\t\t\t<\/div>\n\t\t\t\t<\/div>\n\t\t\t\t<div class=\"elementor-element elementor-element-35a7013 elementor-hidden-mobile elementor-widget elementor-widget-text-editor\" data-id=\"35a7013\" data-element_type=\"widget\" data-widget_type=\"text-editor.default\">\n\t\t\t\t<div class=\"elementor-widget-container\">\n\t\t\t\t\t\t\t\t\t<p>Ana Chavarria \u2022\u00a0 F\u00e1bio Ara\u00fajo \u2022 Catarina Barreiros<\/p>\t\t\t\t\t\t\t\t<\/div>\n\t\t\t\t<\/div>\n\t\t\t\t<div class=\"elementor-element elementor-element-75d7775 elementor-hidden-desktop elementor-hidden-tablet elementor-widget elementor-widget-text-editor\" data-id=\"75d7775\" data-element_type=\"widget\" data-widget_type=\"text-editor.default\">\n\t\t\t\t<div class=\"elementor-widget-container\">\n\t\t\t\t\t\t\t\t\t<p>Ana Chavarria \u2022\u00a0 Catarina Barreiros<\/p><p>F\u00e1bio Ara\u00fajo<\/p>\t\t\t\t\t\t\t\t<\/div>\n\t\t\t\t<\/div>\n\t\t\t\t\t<\/div>\n\t\t\t\t<\/div>\n\t\t\t\t<\/div>\n\t\t<div class=\"elementor-element elementor-element-2932bd5 e-con-full e-flex e-con e-parent\" data-id=\"2932bd5\" data-element_type=\"container\" data-settings=\"{&quot;background_background&quot;:&quot;classic&quot;}\">\n\t\t\t\t<div class=\"elementor-element elementor-element-93ddb02 elementor-hidden-mobile elementor-widget elementor-widget-spacer\" data-id=\"93ddb02\" data-element_type=\"widget\" data-widget_type=\"spacer.default\">\n\t\t\t\t<div class=\"elementor-widget-container\">\n\t\t\t\t\t\t\t<div class=\"elementor-spacer\">\n\t\t\t<div class=\"elementor-spacer-inner\"><\/div>\n\t\t<\/div>\n\t\t\t\t\t\t<\/div>\n\t\t\t\t<\/div>\n\t\t<div class=\"elementor-element elementor-element-2611627 e-con-full e-flex e-con e-child\" data-id=\"2611627\" data-element_type=\"container\">\n\t\t\t\t<div class=\"elementor-element elementor-element-fc65204 elementor-widget elementor-widget-text-editor\" data-id=\"fc65204\" data-element_type=\"widget\" data-widget_type=\"text-editor.default\">\n\t\t\t\t<div class=\"elementor-widget-container\">\n\t\t\t\t\t\t\t\t\t<p>Together, we do more than create. <strong>We make it happen!<\/strong><\/p>\t\t\t\t\t\t\t\t<\/div>\n\t\t\t\t<\/div>\n\t\t<div class=\"elementor-element elementor-element-38d1d46 e-con-full e-flex e-con e-child\" data-id=\"38d1d46\" data-element_type=\"container\" data-settings=\"{&quot;background_background&quot;:&quot;classic&quot;}\">\n\t\t\t\t<div class=\"elementor-element elementor-element-63f966f elementor-hidden-mobile elementor-widget elementor-widget-heading\" data-id=\"63f966f\" data-element_type=\"widget\" data-widget_type=\"heading.default\">\n\t\t\t\t<div class=\"elementor-widget-container\">\n\t\t\t\t\t<h1 class=\"elementor-heading-title elementor-size-default\">Let's bring<br> your next project to life.<\/h1>\t\t\t\t<\/div>\n\t\t\t\t<\/div>\n\t\t\t\t<div class=\"elementor-element elementor-element-993bd98 elementor-hidden-desktop elementor-hidden-tablet elementor-widget elementor-widget-heading\" data-id=\"993bd98\" data-element_type=\"widget\" data-widget_type=\"heading.default\">\n\t\t\t\t<div class=\"elementor-widget-container\">\n\t\t\t\t\t<h1 class=\"elementor-heading-title elementor-size-default\">Vamos dar vida ao seu pr\u00f3ximo projeto<\/h1>\t\t\t\t<\/div>\n\t\t\t\t<\/div>\n\t\t\t\t<div class=\"elementor-element elementor-element-dcc1ae4 elementor-widget elementor-widget-button\" data-id=\"dcc1ae4\" data-element_type=\"widget\" data-widget_type=\"button.default\">\n\t\t\t\t<div class=\"elementor-widget-container\">\n\t\t\t\t\t\t\t\t\t<div class=\"elementor-button-wrapper\">\n\t\t\t\t\t<a class=\"elementor-button elementor-button-link elementor-size-sm\" href=\"https:\/\/stamp.pt\/en\/contactos\/\">\n\t\t\t\t\t\t<span class=\"elementor-button-content-wrapper\">\n\t\t\t\t\t\t\t\t\t<span class=\"elementor-button-text\">Contact<\/span>\n\t\t\t\t\t<\/span>\n\t\t\t\t\t<\/a>\n\t\t\t\t<\/div>\n\t\t\t\t\t\t\t\t<\/div>\n\t\t\t\t<\/div>\n\t\t\t\t<\/div>\n\t\t\t\t<\/div>\n\t\t\t\t<\/div>\n\t\t\t\t<\/div>","protected":false},"excerpt":{"rendered":"<p>sobre n\u00f3s sobre n\u00f3s Fazemos Comunica\u00e7\u00e3o Somos uma ag\u00eancia de publicidade apaixonada por criatividade, inova\u00e7\u00e3o e resultados.Transformamos ideias em experi\u00eancias visuais impactantes, ajudando as marcas a ganhar destaque e conex\u00e3o com o p\u00fablico.Somos especializados em design gr\u00e1fico, decora\u00e7\u00e3o de viaturas, impress\u00e3o, publicidade em grande formato, e muito mais. Transformamos o imposs\u00edvel em resultados.Combinamos estrat\u00e9gia e [&hellip;]<\/p>","protected":false},"author":2,"featured_media":0,"parent":0,"menu_order":0,"comment_status":"closed","ping_status":"closed","template":"","meta":{"footnotes":""},"class_list":["post-44","page","type-page","status-publish","hentry"],"_links":{"self":[{"href":"https:\/\/stamp.pt\/en\/wp-json\/wp\/v2\/pages\/44","targetHints":{"allow":["GET"]}}],"collection":[{"href":"https:\/\/stamp.pt\/en\/wp-json\/wp\/v2\/pages"}],"about":[{"href":"https:\/\/stamp.pt\/en\/wp-json\/wp\/v2\/types\/page"}],"author":[{"embeddable":true,"href":"https:\/\/stamp.pt\/en\/wp-json\/wp\/v2\/users\/2"}],"replies":[{"embeddable":true,"href":"https:\/\/stamp.pt\/en\/wp-json\/wp\/v2\/comments?post=44"}],"version-history":[{"count":68,"href":"https:\/\/stamp.pt\/en\/wp-json\/wp\/v2\/pages\/44\/revisions"}],"predecessor-version":[{"id":834,"href":"https:\/\/stamp.pt\/en\/wp-json\/wp\/v2\/pages\/44\/revisions\/834"}],"wp:attachment":[{"href":"https:\/\/stamp.pt\/en\/wp-json\/wp\/v2\/media?parent=44"}],"curies":[{"name":"wp","href":"https:\/\/api.w.org\/{rel}","templated":true}]}}